{"id":37,"date":"2021-01-19T04:00:56","date_gmt":"2021-01-19T04:00:56","guid":{"rendered":"http:\/\/fundsnetservices.com\/fi\/?page_id=37"},"modified":"2026-01-27T07:26:41","modified_gmt":"2026-01-27T07:26:41","slug":"fundsnet","status":"publish","type":"page","link":"https:\/\/fundsnetservices.com\/fi\/","title":{"rendered":"FundsNet"},"content":{"rendered":"","protected":false},"excerpt":{"rendered":"","protected":false},"author":2,"featured_media":0,"parent":0,"menu_order":0,"comment_status":"closed","ping_status":"closed","template":"front-page.php","meta":{"_acf_changed":false,"inline_featured_image":false,"lazy_load_responsive_images_disabled":false,"footnotes":""},"class_list":["post-37","page","type-page","status-publish","hentry"],"acf":[],"yoast_head":"<title>FundsNet - L\u00f6yd\u00e4 apurahoja, yhdistyksi\u00e4, yritys- ja rahoitustietoja<\/title>\n<meta name=\"description\" content=\"FundsNet Services auttaa ihmisi\u00e4 l\u00f6yt\u00e4m\u00e4\u00e4n apurahoja, yhdistyksi\u00e4, yritys- ja rahoitustietoa - perusta yritys tai voittoa tavoittelematon organisaatio ja l\u00f6yd\u00e4 rahaa startup-yrityksille!\" \/>\n<meta name=\"robots\" content=\"index, follow, max-snippet:-1, max-image-preview:large, max-video-preview:-1\" \/>\n<link rel=\"canonical\" href=\"https:\/\/fundsnetservices.com\/fi\/\" \/>\n<meta property=\"og:locale\" content=\"en_US\" \/>\n<meta property=\"og:type\" content=\"article\" \/>\n<meta property=\"og:title\" content=\"FundsNet - L\u00f6yd\u00e4 apurahoja, yhdistyksi\u00e4, yritys- ja rahoitustietoja\" \/>\n<meta property=\"og:description\" content=\"FundsNet Services auttaa ihmisi\u00e4 l\u00f6yt\u00e4m\u00e4\u00e4n apurahoja, yhdistyksi\u00e4, yritys- ja rahoitustietoa - perusta yritys tai voittoa tavoittelematon organisaatio ja l\u00f6yd\u00e4 rahaa startup-yrityksille!\" \/>\n<meta property=\"og:url\" content=\"https:\/\/fundsnetservices.com\/fi\/\" \/>\n<meta property=\"og:site_name\" content=\"FundsNet FI\" \/>\n<meta property=\"article:modified_time\" content=\"2026-01-27T07:26:41+00:00\" \/>\n<meta name=\"twitter:card\" content=\"summary_large_image\" \/>","yoast_head_json":{"title":"FundsNet - L\u00f6yd\u00e4 apurahoja, yhdistyksi\u00e4, yritys- ja rahoitustietoja","description":"FundsNet Services auttaa ihmisi\u00e4 l\u00f6yt\u00e4m\u00e4\u00e4n apurahoja, yhdistyksi\u00e4, yritys- ja rahoitustietoa - perusta yritys tai voittoa tavoittelematon organisaatio ja l\u00f6yd\u00e4 rahaa startup-yrityksille!","robots":{"index":"index","follow":"follow","max-snippet":"max-snippet:-1","max-image-preview":"max-image-preview:large","max-video-preview":"max-video-preview:-1"},"canonical":"https:\/\/fundsnetservices.com\/fi\/","og_locale":"en_US","og_type":"article","og_title":"FundsNet - L\u00f6yd\u00e4 apurahoja, yhdistyksi\u00e4, yritys- ja rahoitustietoja","og_description":"FundsNet Services auttaa ihmisi\u00e4 l\u00f6yt\u00e4m\u00e4\u00e4n apurahoja, yhdistyksi\u00e4, yritys- ja rahoitustietoa - perusta yritys tai voittoa tavoittelematon organisaatio ja l\u00f6yd\u00e4 rahaa startup-yrityksille!","og_url":"https:\/\/fundsnetservices.com\/fi\/","og_site_name":"FundsNet FI","article_modified_time":"2026-01-27T07:26:41+00:00","twitter_card":"summary_large_image","schema":{"@context":"https:\/\/schema.org","@graph":[{"@type":"WebPage","@id":"https:\/\/fundsnetservices.com\/fi\/","url":"https:\/\/fundsnetservices.com\/fi\/","name":"FundsNet - L\u00f6yd\u00e4 apurahoja, yhdistyksi\u00e4, yritys- ja rahoitustietoja","isPartOf":{"@id":"https:\/\/fundsnetservices.com\/fi\/#website"},"datePublished":"2021-01-19T04:00:56+00:00","dateModified":"2026-01-27T07:26:41+00:00","description":"FundsNet Services auttaa ihmisi\u00e4 l\u00f6yt\u00e4m\u00e4\u00e4n apurahoja, yhdistyksi\u00e4, yritys- ja rahoitustietoa - perusta yritys tai voittoa tavoittelematon organisaatio ja l\u00f6yd\u00e4 rahaa startup-yrityksille!","breadcrumb":{"@id":"https:\/\/fundsnetservices.com\/fi\/#breadcrumb"},"inLanguage":"en-US","potentialAction":[{"@type":"ReadAction","target":["https:\/\/fundsnetservices.com\/fi\/"]}]},{"@type":"BreadcrumbList","@id":"https:\/\/fundsnetservices.com\/fi\/#breadcrumb","itemListElement":[{"@type":"ListItem","position":1,"name":"Home","item":"https:\/\/fundsnetservices.com\/fi\/"},{"@type":"ListItem","position":2,"name":"FundsNet"}]},{"@type":"WebSite","@id":"https:\/\/fundsnetservices.com\/fi\/#website","url":"https:\/\/fundsnetservices.com\/fi\/","name":"FundsNet FI","description":"","potentialAction":[{"@type":"SearchAction","target":{"@type":"EntryPoint","urlTemplate":"https:\/\/fundsnetservices.com\/fi\/?s={search_term_string}"},"query-input":"required name=search_term_string"}],"inLanguage":"en-US"}]}},"_links":{"self":[{"href":"https:\/\/fundsnetservices.com\/fi\/wp-json\/wp\/v2\/pages\/37","targetHints":{"allow":["GET"]}}],"collection":[{"href":"https:\/\/fundsnetservices.com\/fi\/wp-json\/wp\/v2\/pages"}],"about":[{"href":"https:\/\/fundsnetservices.com\/fi\/wp-json\/wp\/v2\/types\/page"}],"author":[{"embeddable":true,"href":"https:\/\/fundsnetservices.com\/fi\/wp-json\/wp\/v2\/users\/2"}],"replies":[{"embeddable":true,"href":"https:\/\/fundsnetservices.com\/fi\/wp-json\/wp\/v2\/comments?post=37"}],"version-history":[{"count":53,"href":"https:\/\/fundsnetservices.com\/fi\/wp-json\/wp\/v2\/pages\/37\/revisions"}],"predecessor-version":[{"id":21082,"href":"https:\/\/fundsnetservices.com\/fi\/wp-json\/wp\/v2\/pages\/37\/revisions\/21082"}],"wp:attachment":[{"href":"https:\/\/fundsnetservices.com\/fi\/wp-json\/wp\/v2\/media?parent=37"}],"curies":[{"name":"wp","href":"https:\/\/api.w.org\/{rel}","templated":true}]}}