{"id":2996,"date":"2021-10-03T19:40:19","date_gmt":"2021-10-03T19:40:19","guid":{"rendered":"http:\/\/fundsnetservices.com\/fi\/?page_id=2996"},"modified":"2026-01-27T07:26:27","modified_gmt":"2026-01-27T07:26:27","slug":"editorial-guidelines-policy","status":"publish","type":"page","link":"https:\/\/fundsnetservices.com\/fi\/editorial-guidelines-policy\/","title":{"rendered":"Editorial Guidelines &#038; Policy"},"content":{"rendered":"<style>.wp-block-audio{margin-left:0;margin-right:0}.wp-block-audio audio{width:100%}blockquote,blockquote.wp-block-quote{font-size:130%;line-height:1.5;margin:32px 0;padding:12px 18px;border-left:2px solid rgba(0,0,0,.12)}.wp-block-quote:not(.is-large):not(.is-style-large){padding-left:18px;border-left:2px solid rgba(0,0,0,.12)}.wp-block-quote cite,.wp-block-quote footer,.wp-block-quote__citation{display:block;color:rgba(0,0,0,.4);font-size:.85rem;margin-top:12px}.wp-block-quote cite::before,.wp-block-quote footer::before{content:'\u2014 '}.wp-block-button{position:relative;box-sizing:border-box}.wp-block-button.alignwide a{display:block}.wp-block-code,code,pre{color:#666;font-family:Courier,sans-serif;line-height:1.4;margin:32px 0;padding:12px;border:2px solid rgba(0,0,0,.24);box-shadow:inset 0 0 6px rgba(0,0,0,.12);box-sizing:border-box;border-radius:3px}.wp-block-cover,.wp-block-cover-image{margin-top:32px;margin-bottom:32px}.wp-block-cover-image.has-background-dim,.wp-block-cover-image.has-background-dim h2{color:#fff}.wp-block-gallery .blocks-gallery-item{margin-left:0;margin-right:0;padding:0}.wp-block-gallery .blocks-gallery-image{margin-left:0;margin-right:0}.wp-block-gallery .blocks-gallery-image figcaption,.wp-block-gallery .blocks-gallery-item figcaption{box-sizing:border-box}.wp-block-image{max-width:none;margin:32px auto;padding:0}.wp-block-image.aligncenter,img.aligncenter{display:block;margin:12px auto;padding:0}.wp-block-image.alignnone,img.alignnone{display:inline;margin:12px 0;padding:0}.wp-block-image.alignright,img.alignright{display:inline;margin:16px 0 16px 24px;padding:0}.wp-block-image.alignleft,img.alignleft{display:inline;margin:16px 24px 16px 0;padding:0}table,table.wp-block-table{width:100%;text-align:left;margin:32px 0;padding:0;box-shadow:0 0 12px rgba(0,0,0,.08);border:3px solid rgba(0,0,0,.12);border-spacing:0;border-radius:4px}table form,table li,table p,table ul{margin:6px 0;padding:0}table tfoot,table thead,table.wp-block-table tfoot,table.wp-block-table thead{border:1px solid #ddd;border:1px solid rgba(0,0,0,.12)}table tbody tr:nth-child(odd){background:rgba(0,0,0,.04)}table th,table.wp-block-table th{font-size:1.1rem;text-transform:uppercase;margin:0;padding:12px;border-top:1px solid #ddd;border-top:1px solid rgba(0,0,0,.12);box-sizing:border-box}table td,table.wp-block-table td{padding:12px;margin:0;border-top:1px solid #ddd;border-top:1px solid rgba(0,0,0,.12);box-sizing:border-box}table.wp-block-table.is-style-stripes{border-collapse:collapse}table.wp-block-table.is-style-stripes td{border:1px solid #ddd;border:1px solid rgba(0,0,0,.12)}article, .mx-auto h1 {\n    max-width: 760px;\n    margin: auto;\n    padding-bottom: 20px;\n}<\/style>\n<p data-path-to-node=\"2\"><b data-path-to-node=\"2\" data-index-in-node=\"0\">Me Fundsnet Servicesill\u00e4 pyrimme olemaan luotettavin ja perusteellisin verkko-opas ihmisille, jotka etsiv\u00e4t apurahoja ja varainhankintaa \u2013 aina korkeakouluopiskelijoista vastaloittaviin yritt\u00e4jiin ja yritysten omistajiin.<\/b><\/p>\n<p data-path-to-node=\"3\">Olemme koonneet apurahoja, varainkeruukohteita, liiketoimintatietoa, vero- ja kirjanpitoterminologiaa, oppaita ja paljon muuta auttaaksemme ihmisi\u00e4 saamaan rahoitusta tai aloittamaan liiketoimintansa oikealla jalalla ja lopulta menestym\u00e4\u00e4n. Puramme monimutkaiset ja vaikeaselkoiset k\u00e4sitteet lukijoillemme helposti seurattavaan muotoon. Vuodesta 2006 l\u00e4htien olemme ker\u00e4nneet ja yhdist\u00e4neet tuhansia apurahoja, varainkeruukohteita sek\u00e4 yritystietoja, ja olemme auttaneet miljoonia lukijoitamme oppimaan lis\u00e4\u00e4 taloudest<\/p>\n<p><noscript><img decoding=\"async\" class=\"aligncenter wp-image-3005 size-full\" src=\"http:\/\/fundsnetservices.com\/wp-content\/uploads\/sites\/5\/principles-e1633289991774.png\" alt=\"FundsnetServices.com principles\" width=\"960\" height=\"307\" srcset=\"https:\/\/fundsnetservices.com\/fi\/wp-content\/uploads\/sites\/5\/principles-e1633289991774.png 960w, https:\/\/fundsnetservices.com\/fi\/wp-content\/uploads\/sites\/5\/principles-e1633289991774-300x96.png 300w, https:\/\/fundsnetservices.com\/fi\/wp-content\/uploads\/sites\/5\/principles-e1633289991774-700x224.png 700w, https:\/\/fundsnetservices.com\/fi\/wp-content\/uploads\/sites\/5\/principles-e1633289991774-768x246.png 768w, https:\/\/fundsnetservices.com\/fi\/wp-content\/uploads\/sites\/5\/principles-e1633289991774-120x38.png 120w\" sizes=\"(max-width: 960px) 100vw, 960px\"><\/noscript><img decoding=\"async\" class=\"aligncenter wp-image-3005 size-full lazyload\" src=\"data:image\/svg+xml,%3Csvg%20xmlns%3D%22http%3A%2F%2Fwww.w3.org%2F2000%2Fsvg%22%20viewBox%3D%220%200%20960%20307%22%3E%3C%2Fsvg%3E\" alt=\"FundsnetServices.com principles\" width=\"960\" height=\"307\" srcset=\"data:image\/svg+xml,%3Csvg%20xmlns%3D%22http%3A%2F%2Fwww.w3.org%2F2000%2Fsvg%22%20viewBox%3D%220%200%20960%20307%22%3E%3C%2Fsvg%3E 960w\" sizes=\"(max-width: 960px) 100vw, 960px\" data-srcset=\"https:\/\/fundsnetservices.com\/fi\/wp-content\/uploads\/sites\/5\/principles-e1633289991774.png 960w, https:\/\/fundsnetservices.com\/fi\/wp-content\/uploads\/sites\/5\/principles-e1633289991774-300x96.png 300w, https:\/\/fundsnetservices.com\/fi\/wp-content\/uploads\/sites\/5\/principles-e1633289991774-700x224.png 700w, https:\/\/fundsnetservices.com\/fi\/wp-content\/uploads\/sites\/5\/principles-e1633289991774-768x246.png 768w, https:\/\/fundsnetservices.com\/fi\/wp-content\/uploads\/sites\/5\/principles-e1633289991774-120x38.png 120w\" data-src=\"http:\/\/fundsnetservices.com\/wp-content\/uploads\/sites\/5\/principles-e1633289991774.png\" loading=\"lazy\"><\/p>\n<p data-path-to-node=\"0\">Anlad\u0131m, ba\u015fl\u0131k hiyerar\u015fisine (H2, H3 gibi) ve \u00e7izgi kullanmama kural\u0131na sad\u0131k kalarak metni yeniden d\u00fczenledim:<\/p>\n<h2 data-path-to-node=\"1\" id=\"periaatteet\">Periaatteet<\/h2>\n<h3 data-path-to-node=\"2\" id=\"hyodyllista-tietoa\">Hy\u00f6dyllist\u00e4 tietoa<\/h3>\n<p data-path-to-node=\"3\">Tavoitteenamme on tarjota hy\u00f6dyllist\u00e4 tietoa monimutkaisista aiheista, jotka liittyv\u00e4t liiketoimintaan, talouteen, apurahoihin, varainhankintaan ja muihin mahdollisesti pelottavilta tuntuviin aiheisiin. Kokemustasostasi riippumatta tarjoamme tietoa, jota voit k\u00e4ytt\u00e4\u00e4 luottavaisin mielin.<\/p>\n<h3 data-path-to-node=\"4\" id=\"puolueetonta-tietoa\">Puolueetonta tietoa<\/h3>\n<p data-path-to-node=\"5\">Sivustomme ei ole poliittinen tai taloudellinen kampanja, vaan puolueeton l\u00e4hde taloustiedolle, tuotesuosituksille, hallituksen linjauksille ja muulle vastaavalle. Pyrimme tarjoamaan tosiasioihin ja dataan perustuvaa tietoa oikeassa asiayhteydess\u00e4 \u2013 ilman poliittista tai taloudellista agendaa. Kirjoittajamme ja toimittajamme ovat tutkineet kaiken sivustoltamme l\u00f6ytyv\u00e4n tiedon perusteellisesti tarjotakseen tasapainoista ja t\u00e4sm\u00e4llist\u00e4 tietoa.<\/p>\n<h3 data-path-to-node=\"6\" id=\"tasmallista-tietoa\">T\u00e4sm\u00e4llist\u00e4 tietoa<\/h3>\n<p data-path-to-node=\"7\">P\u00e4tev\u00e4 toimittajista ja kirjoittajista koostuva tiimimme tarkastaa jokaisen k\u00e4sittelem\u00e4mme aiheen huolellisesti varmistaakseen, ettei tieto ole ep\u00e4m\u00e4\u00e4r\u00e4ist\u00e4 tai harhaanjohtavaa. Tiedon on oltava tarkkaa ja rehellist\u00e4. Lis\u00e4ksi pyrimme esitt\u00e4m\u00e4\u00e4n tiedon selke\u00e4ss\u00e4 muodossa, jota on helppo seurata, ymm\u00e4rt\u00e4\u00e4 ja soveltaa k\u00e4yt\u00e4nn\u00f6ss\u00e4. Otamme mielell\u00e4mme vastaan korjauksia lukijoidemme havaitsemiin virheisiin. Ota meihin yhteytt\u00e4 (webmaster@fundsnetservices.com) korjauksia varten, jotta voimme tutkia asian ja tehd\u00e4 tarvittavat muutokset.<\/p>\n<h2 data-path-to-node=\"8\" id=\"eettiset-saannot\">Eettiset s\u00e4\u00e4nn\u00f6t<\/h2>\n<p data-path-to-node=\"9\">Society for Advancing Business Editing and Writing (SABEW) on asettanut eettisiss\u00e4 s\u00e4\u00e4nn\u00f6iss\u00e4\u00e4n standardit, joita olemme sitoutuneet noudattamaan. N\u00e4m\u00e4 SABEW:n eettiset s\u00e4\u00e4nn\u00f6t vastaavat standardeja, joiden uskomme olevan eettisen journalismin perusta:<\/p>\n<ul data-path-to-node=\"10\">\n<li>\n<p data-path-to-node=\"10,0,0\">Tarkkuus ja oikeudenmukaisuus<\/p>\n<\/li>\n<li>\n<p data-path-to-node=\"10,1,0\">Haittojen minimointi<\/p>\n<\/li>\n<li>\n<p data-path-to-node=\"10,2,0\">Riippumaton toiminta<\/p>\n<\/li>\n<li>\n<p data-path-to-node=\"10,3,0\">Vastuullisuus ja avoimuus<\/p>\n<\/li>\n<\/ul>\n<p data-path-to-node=\"11\">Soveltuvin osin noudatamme my\u00f6s Yhdysvaltain liittovaltion kauppakomission (FTC) asettamia tiedonantamisohjeita. Kaikki Fundsnetin tarjoama tieto on tarkoitettu vain tiedotusk\u00e4ytt\u00f6\u00f6n, eik\u00e4 sit\u00e4 ole tarkoitettu oikeudelliseksi neuvonnaksi tai korvaamaan valtuutetun asianajajan, kirjanpit\u00e4j\u00e4n, taloudellisen neuvonantajan tai muun sertifioidun ammattilaisen neuvoja. Suosittelemme lukijoitamme k\u00e4\u00e4ntym\u00e4\u00e4n aina tarvittaessa alan ammattilaisen puoleen.<\/p>\n<h2 data-path-to-node=\"12\" id=\"toimitusprosessi\">Toimitusprosessi<\/h2>\n<p data-path-to-node=\"13\">Kaikki Fundsnetist\u00e4 l\u00f6ytyv\u00e4t artikkelit ovat asiantuntevien kirjoittajien, avustajien ja toimittajien kirjoittamia. Fundsnet ei ole sijoitusyhti\u00f6, joten emme suosittele arvopaperien tai sijoitusten ostamista, myymist\u00e4 tai niihin ryhtymist\u00e4. Olemme tietosivusto, joka auttaa sinua tekem\u00e4\u00e4n p\u00e4\u00e4t\u00f6ksi\u00e4 monimutkaisissa asioissa. Pyrimme tarjoamaan n\u00e4kemyksi\u00e4, koulutuksellista ja taustoittavaa tietoa sek\u00e4 asiaankuuluvaa analyysia, jotta voit tehd\u00e4 parempia ja tietoon perustuvia p\u00e4\u00e4t\u00f6ksi\u00e4. Kannustamme kaikkia kirjoittajiamme ja toimittajiamme k\u00e4ytt\u00e4m\u00e4\u00e4n tosiel\u00e4m\u00e4n esimerkkej\u00e4 asioiden havainnollistamiseksi.<\/p>\n<p data-path-to-node=\"14\">Toimitustiimimme vastaa kaikkien artikkelien ja tietojen arvioinnista sek\u00e4 vanhentuneiden tietojen p\u00e4ivitt\u00e4misest\u00e4. P\u00e4ivitetyt artikkelit on aikaleimattu ja niihin on merkitty tehdyt muutokset. Uusi tieto tarkistetaan huolellisesti sen tarkkuuden, olennaisuuden ja riitt\u00e4vyyden osalta laatu- ja eettisten standardiemme mukaisesti.<\/p>\n<h2 data-path-to-node=\"15\" id=\"laadunvalvonta\">Laadunvalvonta<\/h2>\n<p data-path-to-node=\"16\">Jokaisen sivustollamme julkaistavan artikkelin on l\u00e4p\u00e4ist\u00e4v\u00e4 monivaiheinen tarkastus- ja laadunvalvontaprosessi. Kirjoittajat, toimittajat ja useat tiimin j\u00e4senet ty\u00f6skentelev\u00e4t yhdess\u00e4 varmistaakseen, ett\u00e4 tieto on tarkkaa, hy\u00f6dyllist\u00e4, olennaista, faktapohjaista, vailla poliittisia agendoja ja vastuullista. Aiheet jaetaan asiantuntemuksen perusteella, ja ammattitoimittajamme tarkastavat useita luonnoksia ennen sis\u00e4ll\u00f6n julkaisemista.<\/p>\n<h2 data-path-to-node=\"17\" id=\"kirjoittajat-ja-toimittajat\">Kirjoittajat ja toimittajat<\/h2>\n<p data-path-to-node=\"18\">Kaikki kirjoittajamme ja toimittajamme k\u00e4yv\u00e4t l\u00e4pi esitarkastusprosessin ennen tiimiimme liittymist\u00e4. Kirjoittajien on oltava asiantuntijoita aiheissaan ja hallittava kielioppi erinomaisesti. Voit lukea lis\u00e4\u00e4 kirjoittajistamme heid\u00e4n henkil\u00f6kohtaisilta biografiasivuiltaan. Jokaisen artikkelin yl\u00e4reunassa on mainittu kirjoittaja \u2013 voit klikata nime\u00e4 ja tutustua heid\u00e4n p\u00e4tevyyteens\u00e4 ja kokemukseensa.<\/p>\n<h2 data-path-to-node=\"19\" id=\"kolmansien-osapuolten-sisalto\">Kolmansien osapuolten sis\u00e4lt\u00f6<\/h2>\n<p data-path-to-node=\"20\">Toimitustiimimme tarkastaa perusteellisesti kaiken kolmansien osapuolten sis\u00e4ll\u00f6n varmistaakseen, ett\u00e4 se on linjassa perusperiaatteidemme, arvojemme ja eettisten ohjeidemme kanssa.<\/p>\n","protected":false},"excerpt":{"rendered":"Me Fundsnet Servicesill\u00e4 pyrimme olemaan luotettavin ja perusteellisin verkko-opas ihmisille, jotka etsiv\u00e4t apurahoja ja varainhankintaa \u2013 aina korkeakouluopiskelijoista vastaloittaviin yritt\u00e4jiin ja yritysten omistajiin. Olemme koonneet apurahoja, varainkeruukohteita, liiketoimintatietoa, vero- ja kirjanpitoterminologiaa, oppaita ja paljon muuta auttaaksemme ihmisi\u00e4 saamaan rahoitusta tai aloittamaan liiketoimintansa oikealla jalalla ja lopulta menestym\u00e4\u00e4n. Puramme monimutkaiset ja vaikeaselkoiset k\u00e4sitteet lukijoillemme helposti seurattavaan&#8230; <a class=\"view-article\" href=\"https:\/\/fundsnetservices.com\/fi\/editorial-guidelines-policy\/\">View Article<\/a>","protected":false},"author":2,"featured_media":0,"parent":0,"menu_order":0,"comment_status":"closed","ping_status":"closed","template":"","meta":{"_acf_changed":false,"inline_featured_image":false,"lazy_load_responsive_images_disabled":false,"footnotes":""},"class_list":["post-2996","page","type-page","status-publish","hentry"],"acf":[],"yoast_head":"<title>Editorial Guidelines &amp; Policy - FundsNet FI<\/title>\n<meta name=\"robots\" content=\"index, follow, max-snippet:-1, max-image-preview:large, max-video-preview:-1\" \/>\n<link rel=\"canonical\" href=\"https:\/\/fundsnetservices.com\/fi\/editorial-guidelines-policy\/\" \/>\n<meta property=\"og:locale\" content=\"en_US\" \/>\n<meta property=\"og:type\" content=\"article\" \/>\n<meta property=\"og:title\" content=\"Editorial Guidelines &amp; Policy - FundsNet FI\" \/>\n<meta property=\"og:description\" content=\"Me Fundsnet Servicesill\u00e4 pyrimme olemaan luotettavin ja perusteellisin verkko-opas ihmisille, jotka etsiv\u00e4t apurahoja ja varainhankintaa \u2013 aina korkeakouluopiskelijoista vastaloittaviin yritt\u00e4jiin ja yritysten omistajiin. Olemme koonneet apurahoja, varainkeruukohteita, liiketoimintatietoa, vero- ja kirjanpitoterminologiaa, oppaita ja paljon muuta auttaaksemme ihmisi\u00e4 saamaan rahoitusta tai aloittamaan liiketoimintansa oikealla jalalla ja lopulta menestym\u00e4\u00e4n. Puramme monimutkaiset ja vaikeaselkoiset k\u00e4sitteet lukijoillemme helposti seurattavaan... View Article\" \/>\n<meta property=\"og:url\" content=\"https:\/\/fundsnetservices.com\/fi\/editorial-guidelines-policy\/\" \/>\n<meta property=\"og:site_name\" content=\"FundsNet FI\" \/>\n<meta property=\"article:modified_time\" content=\"2026-01-27T07:26:27+00:00\" \/>\n<meta property=\"og:image\" content=\"http:\/\/fundsnetservices.com\/wp-content\/uploads\/sites\/5\/principles-e1633289991774.png\" \/>\n<meta name=\"twitter:card\" content=\"summary_large_image\" \/>\n<meta name=\"twitter:label1\" content=\"Est. reading time\" \/>\n\t<meta name=\"twitter:data1\" content=\"3 minutes\" \/>","yoast_head_json":{"title":"Editorial Guidelines & Policy - FundsNet FI","robots":{"index":"index","follow":"follow","max-snippet":"max-snippet:-1","max-image-preview":"max-image-preview:large","max-video-preview":"max-video-preview:-1"},"canonical":"https:\/\/fundsnetservices.com\/fi\/editorial-guidelines-policy\/","og_locale":"en_US","og_type":"article","og_title":"Editorial Guidelines & Policy - FundsNet FI","og_description":"Me Fundsnet Servicesill\u00e4 pyrimme olemaan luotettavin ja perusteellisin verkko-opas ihmisille, jotka etsiv\u00e4t apurahoja ja varainhankintaa \u2013 aina korkeakouluopiskelijoista vastaloittaviin yritt\u00e4jiin ja yritysten omistajiin. Olemme koonneet apurahoja, varainkeruukohteita, liiketoimintatietoa, vero- ja kirjanpitoterminologiaa, oppaita ja paljon muuta auttaaksemme ihmisi\u00e4 saamaan rahoitusta tai aloittamaan liiketoimintansa oikealla jalalla ja lopulta menestym\u00e4\u00e4n. Puramme monimutkaiset ja vaikeaselkoiset k\u00e4sitteet lukijoillemme helposti seurattavaan... View Article","og_url":"https:\/\/fundsnetservices.com\/fi\/editorial-guidelines-policy\/","og_site_name":"FundsNet FI","article_modified_time":"2026-01-27T07:26:27+00:00","og_image":[{"url":"http:\/\/fundsnetservices.com\/wp-content\/uploads\/sites\/5\/principles-e1633289991774.png"}],"twitter_card":"summary_large_image","twitter_misc":{"Est. reading time":"3 minutes"},"schema":{"@context":"https:\/\/schema.org","@graph":[{"@type":"WebPage","@id":"https:\/\/fundsnetservices.com\/fi\/editorial-guidelines-policy\/","url":"https:\/\/fundsnetservices.com\/fi\/editorial-guidelines-policy\/","name":"Editorial Guidelines & Policy - FundsNet FI","isPartOf":{"@id":"https:\/\/fundsnetservices.com\/fi\/#website"},"primaryImageOfPage":{"@id":"https:\/\/fundsnetservices.com\/fi\/editorial-guidelines-policy\/#primaryimage"},"image":{"@id":"https:\/\/fundsnetservices.com\/fi\/editorial-guidelines-policy\/#primaryimage"},"thumbnailUrl":"http:\/\/fundsnetservices.com\/wp-content\/uploads\/sites\/5\/principles-e1633289991774.png","datePublished":"2021-10-03T19:40:19+00:00","dateModified":"2026-01-27T07:26:27+00:00","breadcrumb":{"@id":"https:\/\/fundsnetservices.com\/fi\/editorial-guidelines-policy\/#breadcrumb"},"inLanguage":"en-US","potentialAction":[{"@type":"ReadAction","target":["https:\/\/fundsnetservices.com\/fi\/editorial-guidelines-policy\/"]}]},{"@type":"ImageObject","inLanguage":"en-US","@id":"https:\/\/fundsnetservices.com\/fi\/editorial-guidelines-policy\/#primaryimage","url":"http:\/\/fundsnetservices.com\/wp-content\/uploads\/sites\/5\/principles-e1633289991774.png","contentUrl":"http:\/\/fundsnetservices.com\/wp-content\/uploads\/sites\/5\/principles-e1633289991774.png"},{"@type":"BreadcrumbList","@id":"https:\/\/fundsnetservices.com\/fi\/editorial-guidelines-policy\/#breadcrumb","itemListElement":[{"@type":"ListItem","position":1,"name":"Home","item":"https:\/\/fundsnetservices.com\/fi\/"},{"@type":"ListItem","position":2,"name":"Editorial Guidelines &#038; Policy"}]},{"@type":"WebSite","@id":"https:\/\/fundsnetservices.com\/fi\/#website","url":"https:\/\/fundsnetservices.com\/fi\/","name":"FundsNet FI","description":"","potentialAction":[{"@type":"SearchAction","target":{"@type":"EntryPoint","urlTemplate":"https:\/\/fundsnetservices.com\/fi\/?s={search_term_string}"},"query-input":"required name=search_term_string"}],"inLanguage":"en-US"}]}},"_links":{"self":[{"href":"https:\/\/fundsnetservices.com\/fi\/wp-json\/wp\/v2\/pages\/2996","targetHints":{"allow":["GET"]}}],"collection":[{"href":"https:\/\/fundsnetservices.com\/fi\/wp-json\/wp\/v2\/pages"}],"about":[{"href":"https:\/\/fundsnetservices.com\/fi\/wp-json\/wp\/v2\/types\/page"}],"author":[{"embeddable":true,"href":"https:\/\/fundsnetservices.com\/fi\/wp-json\/wp\/v2\/users\/2"}],"replies":[{"embeddable":true,"href":"https:\/\/fundsnetservices.com\/fi\/wp-json\/wp\/v2\/comments?post=2996"}],"version-history":[{"count":11,"href":"https:\/\/fundsnetservices.com\/fi\/wp-json\/wp\/v2\/pages\/2996\/revisions"}],"predecessor-version":[{"id":21056,"href":"https:\/\/fundsnetservices.com\/fi\/wp-json\/wp\/v2\/pages\/2996\/revisions\/21056"}],"wp:attachment":[{"href":"https:\/\/fundsnetservices.com\/fi\/wp-json\/wp\/v2\/media?parent=2996"}],"curies":[{"name":"wp","href":"https:\/\/api.w.org\/{rel}","templated":true}]}}